{"id":2,"date":"2023-10-24T15:54:07","date_gmt":"2023-10-24T15:54:07","guid":{"rendered":"https:\/\/web4.rkinformatika.net\/hamburgueseriapixkat\/?page_id=2"},"modified":"2025-04-23T14:49:55","modified_gmt":"2025-04-23T14:49:55","slug":"inicio","status":"publish","type":"page","link":"https:\/\/hamburgueseriapixkat.com\/eu\/","title":{"rendered":"Inicio"},"content":{"rendered":"<div data-elementor-type=\"wp-page\" data-elementor-id=\"2\" class=\"elementor elementor-2\" data-elementor-post-type=\"page\">\n\t\t\t\t<div class=\"elementor-element elementor-element-3d8ef5b e-flex e-con-boxed e-con e-parent\" data-id=\"3d8ef5b\" data-element_type=\"container\" data-e-type=\"container\" data-settings=\"{&quot;background_background&quot;:&quot;classic&quot;,&quot;shape_divider_bottom&quot;:&quot;mountains&quot;}\">\n\t\t\t\t\t<div class=\"e-con-inner\">\n\t\t\t\t<div class=\"elementor-shape elementor-shape-bottom\" aria-hidden=\"true\" data-negative=\"false\">\n\t\t\t<svg xmlns=\"http:\/\/www.w3.org\/2000\/svg\" viewbox=\"0 0 1000 100\" preserveaspectratio=\"none\">\n\t<path class=\"elementor-shape-fill\" opacity=\"0.33\" d=\"M473,67.3c-203.9,88.3-263.1-34-320.3,0C66,119.1,0,59.7,0,59.7V0h1000v59.7 c0,0-62.1,26.1-94.9,29.3c-32.8,3.3-62.8-12.3-75.8-22.1C806,49.6,745.3,8.7,694.9,4.7S492.4,59,473,67.3z\"\/>\n\t<path class=\"elementor-shape-fill\" opacity=\"0.66\" d=\"M734,67.3c-45.5,0-77.2-23.2-129.1-39.1c-28.6-8.7-150.3-10.1-254,39.1 s-91.7-34.4-149.2,0C115.7,118.3,0,39.8,0,39.8V0h1000v36.5c0,0-28.2-18.5-92.1-18.5C810.2,18.1,775.7,67.3,734,67.3z\"\/>\n\t<path class=\"elementor-shape-fill\" d=\"M766.1,28.9c-200-57.5-266,65.5-395.1,19.5C242,1.8,242,5.4,184.8,20.6C128,35.8,132.3,44.9,89.9,52.5C28.6,63.7,0,0,0,0 h1000c0,0-9.9,40.9-83.6,48.1S829.6,47,766.1,28.9z\"\/>\n<\/svg>\t\t<\/div>\n\t\t\t\t<div class=\"elementor-element elementor-element-1aec962 elementor-align-center elementor-widget elementor-widget-button\" data-id=\"1aec962\" data-element_type=\"widget\" data-e-type=\"widget\" data-widget_type=\"button.default\">\n\t\t\t\t<div class=\"elementor-widget-container\">\n\t\t\t\t\t\t\t\t\t<div class=\"elementor-button-wrapper\">\n\t\t\t\t\t<a class=\"elementor-button elementor-button-link elementor-size-sm elementor-animation-grow\" href=\"https:\/\/hamburgueseriapixkat.com\/eu\/la-carta\/\">\n\t\t\t\t\t\t<span class=\"elementor-button-content-wrapper\">\n\t\t\t\t\t\t\t\t\t<span class=\"elementor-button-text\">ir a la carta<\/span>\n\t\t\t\t\t<\/span>\n\t\t\t\t\t<\/a>\n\t\t\t\t<\/div>\n\t\t\t\t\t\t\t\t<\/div>\n\t\t\t\t<\/div>\n\t\t\t\t<div class=\"elementor-element elementor-element-47a64ed elementor-widget elementor-widget-heading\" data-id=\"47a64ed\" data-element_type=\"widget\" data-e-type=\"widget\" data-widget_type=\"heading.default\">\n\t\t\t\t<div class=\"elementor-widget-container\">\n\t\t\t\t\t<h2 class=\"elementor-heading-title elementor-size-default\">Hamburgueser\u00eda Pixkat<\/h2>\t\t\t\t<\/div>\n\t\t\t\t<\/div>\n\t\t\t\t<div class=\"elementor-element elementor-element-280f81b elementor-widget elementor-widget-heading\" data-id=\"280f81b\" data-element_type=\"widget\" data-e-type=\"widget\" data-widget_type=\"heading.default\">\n\t\t\t\t<div class=\"elementor-widget-container\">\n\t\t\t\t\t<h2 class=\"elementor-heading-title elementor-size-default\">Capas de sabor, hechas para disfrutar.<\/h2>\t\t\t\t<\/div>\n\t\t\t\t<\/div>\n\t\t\t\t<div class=\"elementor-element elementor-element-17ca07f elementor-align-center elementor-mobile-align-center elementor-widget__width-auto elementor-icon-list--layout-traditional elementor-list-item-link-full_width elementor-widget elementor-widget-icon-list\" data-id=\"17ca07f\" data-element_type=\"widget\" data-e-type=\"widget\" data-widget_type=\"icon-list.default\">\n\t\t\t\t<div class=\"elementor-widget-container\">\n\t\t\t\t\t\t\t<ul class=\"elementor-icon-list-items\">\n\t\t\t\t\t\t\t<li class=\"elementor-icon-list-item\">\n\t\t\t\t\t\t\t\t\t\t<span class=\"elementor-icon-list-text\">Servicio a domicilio <br>Viernes-s\u00e1bado-domingo <br> 20:00  a 22:45<\/span>\n\t\t\t\t\t\t\t\t\t<\/li>\n\t\t\t\t\t\t<\/ul>\n\t\t\t\t\t\t<\/div>\n\t\t\t\t<\/div>\n\t\t\t\t\t<\/div>\n\t\t\t\t<\/div>\n\t\t<div class=\"elementor-element elementor-element-646511b e-flex e-con-boxed e-con e-parent\" data-id=\"646511b\" data-element_type=\"container\" data-e-type=\"container\">\n\t\t\t\t\t<div class=\"e-con-inner\">\n\t\t<div class=\"elementor-element elementor-element-f9cfad3 e-con-full e-flex e-con e-child\" data-id=\"f9cfad3\" data-element_type=\"container\" data-e-type=\"container\">\n\t\t\t\t<div class=\"elementor-element elementor-element-b13699c elementor-widget elementor-widget-heading\" data-id=\"b13699c\" data-element_type=\"widget\" data-e-type=\"widget\" data-widget_type=\"heading.default\">\n\t\t\t\t<div class=\"elementor-widget-container\">\n\t\t\t\t\t<h2 class=\"elementor-heading-title elementor-size-default\">Pixkat<\/h2>\t\t\t\t<\/div>\n\t\t\t\t<\/div>\n\t\t\t\t<div class=\"elementor-element elementor-element-4ca0861 elementor-widget elementor-widget-text-editor\" data-id=\"4ca0861\" data-element_type=\"widget\" data-e-type=\"widget\" data-widget_type=\"text-editor.default\">\n\t\t\t\t<div class=\"elementor-widget-container\">\n\t\t\t\t\t\t\t\t\t<p data-pm-slice=\"1 1 []\">Hamburgueser\u00eda Pixkat es un negocio familiar con m\u00e1s de 30 a\u00f1os de tradici\u00f3n, dedicado a ofrecer hamburguesas caseras con productos de alta calidad. Desde el primer d\u00eda, hemos brindado un trato cercano y personalizado, haciendo que cada cliente se sienta como en casa.<\/p><p>Hoy, seguimos asegurando que nuestras recetas ofrezcan el sabor aut\u00e9ntico que nos distingue. En Pixkat, m\u00e1s que servir comida, creamos experiencias. \u00a1Gracias por formar parte de nuestra historia!<\/p>\t\t\t\t\t\t\t\t<\/div>\n\t\t\t\t<\/div>\n\t\t\t\t<\/div>\n\t\t<div class=\"elementor-element elementor-element-0ec7592 e-con-full e-flex e-con e-child\" data-id=\"0ec7592\" data-element_type=\"container\" data-e-type=\"container\" data-settings=\"{&quot;background_background&quot;:&quot;classic&quot;}\">\n\t\t\t\t<div class=\"elementor-element elementor-element-e2cef8c elementor-widget elementor-widget-spacer\" data-id=\"e2cef8c\" data-element_type=\"widget\" data-e-type=\"widget\" data-widget_type=\"spacer.default\">\n\t\t\t\t<div class=\"elementor-widget-container\">\n\t\t\t\t\t\t\t<div class=\"elementor-spacer\">\n\t\t\t<div class=\"elementor-spacer-inner\"><\/div>\n\t\t<\/div>\n\t\t\t\t\t\t<\/div>\n\t\t\t\t<\/div>\n\t\t\t\t<\/div>\n\t\t\t\t\t<\/div>\n\t\t\t\t<\/div>\n\t\t<div class=\"elementor-element elementor-element-882c83b e-flex e-con-boxed e-con e-parent\" data-id=\"882c83b\" data-element_type=\"container\" data-e-type=\"container\">\n\t\t\t\t\t<div class=\"e-con-inner\">\n\t\t<div class=\"elementor-element elementor-element-87b7d59 e-con-full e-flex e-con e-child\" data-id=\"87b7d59\" data-element_type=\"container\" data-e-type=\"container\">\n\t\t\t\t<div class=\"elementor-element elementor-element-dafdebc elementor-widget__width-auto elementor-widget elementor-widget-heading\" data-id=\"dafdebc\" data-element_type=\"widget\" data-e-type=\"widget\" data-widget_type=\"heading.default\">\n\t\t\t\t<div class=\"elementor-widget-container\">\n\t\t\t\t\t<h2 class=\"elementor-heading-title elementor-size-default\">Horario<\/h2>\t\t\t\t<\/div>\n\t\t\t\t<\/div>\n\t\t\t\t<div class=\"elementor-element elementor-element-673db4e elementor-align-start elementor-icon-list--layout-traditional elementor-list-item-link-full_width elementor-widget elementor-widget-icon-list\" data-id=\"673db4e\" data-element_type=\"widget\" data-e-type=\"widget\" data-widget_type=\"icon-list.default\">\n\t\t\t\t<div class=\"elementor-widget-container\">\n\t\t\t\t\t\t\t<ul class=\"elementor-icon-list-items\">\n\t\t\t\t\t\t\t<li class=\"elementor-icon-list-item\">\n\t\t\t\t\t\t\t\t\t\t<span class=\"elementor-icon-list-text\">Lunes a Jueves: 12:00  a 23:30<\/span>\n\t\t\t\t\t\t\t\t\t<\/li>\n\t\t\t\t\t\t\t\t<li class=\"elementor-icon-list-item\">\n\t\t\t\t\t\t\t\t\t\t<span class=\"elementor-icon-list-text\">Martes: 12:00  a 17:00<\/span>\n\t\t\t\t\t\t\t\t\t<\/li>\n\t\t\t\t\t\t\t\t<li class=\"elementor-icon-list-item\">\n\t\t\t\t\t\t\t\t\t\t<span class=\"elementor-icon-list-text\">Viernes: 12:00  a 24:00<\/span>\n\t\t\t\t\t\t\t\t\t<\/li>\n\t\t\t\t\t\t\t\t<li class=\"elementor-icon-list-item\">\n\t\t\t\t\t\t\t\t\t\t<span class=\"elementor-icon-list-text\">S\u00e1bado: 19:30  a 24:00<\/span>\n\t\t\t\t\t\t\t\t\t<\/li>\n\t\t\t\t\t\t\t\t<li class=\"elementor-icon-list-item\">\n\t\t\t\t\t\t\t\t\t\t<span class=\"elementor-icon-list-text\">Domingo: 19:30  a 23.30<\/span>\n\t\t\t\t\t\t\t\t\t<\/li>\n\t\t\t\t\t\t<\/ul>\n\t\t\t\t\t\t<\/div>\n\t\t\t\t<\/div>\n\t\t\t\t<\/div>\n\t\t<div class=\"elementor-element elementor-element-84a0851 e-con-full e-flex e-con e-child\" data-id=\"84a0851\" data-element_type=\"container\" data-e-type=\"container\">\n\t\t\t\t<div class=\"elementor-element elementor-element-cc2f9f1 elementor-widget elementor-widget-image-carousel\" data-id=\"cc2f9f1\" data-element_type=\"widget\" data-e-type=\"widget\" data-settings=\"{&quot;slides_to_show&quot;:&quot;1&quot;,&quot;slides_to_show_tablet&quot;:&quot;3&quot;,&quot;slides_to_show_mobile&quot;:&quot;1&quot;,&quot;navigation&quot;:&quot;none&quot;,&quot;autoplay&quot;:&quot;yes&quot;,&quot;autoplay_speed&quot;:5000,&quot;infinite&quot;:&quot;yes&quot;,&quot;effect&quot;:&quot;slide&quot;,&quot;speed&quot;:500,&quot;image_spacing_custom_tablet&quot;:{&quot;unit&quot;:&quot;px&quot;,&quot;size&quot;:&quot;&quot;,&quot;sizes&quot;:[]}}\" data-widget_type=\"image-carousel.default\">\n\t\t\t\t<div class=\"elementor-widget-container\">\n\t\t\t\t\t\t\t<div class=\"elementor-image-carousel-wrapper swiper\" role=\"region\" aria-roledescription=\"carousel\" aria-label=\"Carrusel de im\u00e1genes\" dir=\"ltr\">\n\t\t\t<div class=\"elementor-image-carousel swiper-wrapper\" aria-live=\"off\">\n\t\t\t\t\t\t\t\t<div class=\"swiper-slide\" role=\"group\" aria-roledescription=\"slide\" aria-label=\"1 de 11\"><figure class=\"swiper-slide-inner\"><img decoding=\"async\" class=\"swiper-slide-image\" src=\"https:\/\/hamburgueseriapixkat.com\/wp-content\/uploads\/elementor\/thumbs\/Diseno-sin-titulo-49-qh0191rrd5u93xf2y6t3ia7g5czmv2xiyx1odqphnk.png\" alt=\"Dise\u00f1o sin t\u00edtulo (49)\" \/><\/figure><\/div><div class=\"swiper-slide\" role=\"group\" aria-roledescription=\"slide\" aria-label=\"2 de 11\"><figure class=\"swiper-slide-inner\"><img decoding=\"async\" class=\"swiper-slide-image\" src=\"https:\/\/hamburgueseriapixkat.com\/wp-content\/uploads\/elementor\/thumbs\/bocadillo-Bacon-y-Queso-1-qgzrrx6d2ov1mixbw8gc3v6728d4djof2hqxdmi1sw.png\" alt=\"bocadillo Bacon y Queso 1\" \/><\/figure><\/div><div class=\"swiper-slide\" role=\"group\" aria-roledescription=\"slide\" aria-label=\"3 de 11\"><figure class=\"swiper-slide-inner\"><img decoding=\"async\" class=\"swiper-slide-image\" src=\"https:\/\/hamburgueseriapixkat.com\/wp-content\/uploads\/elementor\/thumbs\/Diseno-sin-titulo-46-qh010xfyboq2t77pd6g4gtz3ej0hd7p06q5o4oqxeo.png\" alt=\"Dise\u00f1o sin t\u00edtulo (46)\" \/><\/figure><\/div><div class=\"swiper-slide\" role=\"group\" aria-roledescription=\"slide\" aria-label=\"4 de 11\"><figure class=\"swiper-slide-inner\"><img decoding=\"async\" class=\"swiper-slide-image\" src=\"https:\/\/hamburgueseriapixkat.com\/wp-content\/uploads\/elementor\/thumbs\/Diseno-sin-titulo-44-qh00whne1unbzhnta9djoyaqf0w30o2mwr94jnbusg.png\" alt=\"Dise\u00f1o sin t\u00edtulo (44)\" \/><\/figure><\/div><div class=\"swiper-slide\" role=\"group\" aria-roledescription=\"slide\" aria-label=\"5 de 11\"><figure class=\"swiper-slide-inner\"><img decoding=\"async\" class=\"swiper-slide-image\" src=\"https:\/\/hamburgueseriapixkat.com\/wp-content\/uploads\/elementor\/thumbs\/Diseno-sin-titulo-18-qgzs48u6ohqduh0vxk88sr7rg3mdaolq3ho3w88880.png\" alt=\"Dise\u00f1o sin t\u00edtulo (18)\" \/><\/figure><\/div><div class=\"swiper-slide\" role=\"group\" aria-roledescription=\"slide\" aria-label=\"6 de 11\"><figure class=\"swiper-slide-inner\"><img decoding=\"async\" class=\"swiper-slide-image\" src=\"https:\/\/hamburgueseriapixkat.com\/wp-content\/uploads\/elementor\/thumbs\/Diseno-sin-titulo-39-qh00lmmj2rs1tpfspkcqvoyzaqfe2kyaqzv4wjfmow.png\" alt=\"Dise\u00f1o sin t\u00edtulo (39)\" \/><\/figure><\/div><div class=\"swiper-slide\" role=\"group\" aria-roledescription=\"slide\" aria-label=\"7 de 11\"><figure class=\"swiper-slide-inner\"><img decoding=\"async\" class=\"swiper-slide-image\" src=\"https:\/\/hamburgueseriapixkat.com\/wp-content\/uploads\/elementor\/thumbs\/Diseno-sin-titulo-42-qh00ss6b3dkm6v1oxnoiuvza2b5ynncr2em6ectrc0.png\" alt=\"Dise\u00f1o sin t\u00edtulo (42)\" \/><\/figure><\/div><div class=\"swiper-slide\" role=\"group\" aria-roledescription=\"slide\" aria-label=\"8 de 11\"><figure class=\"swiper-slide-inner\"><img decoding=\"async\" class=\"swiper-slide-image\" src=\"https:\/\/hamburgueseriapixkat.com\/wp-content\/uploads\/elementor\/thumbs\/Bocadillo-Menduko-de-Pollo-1-qgzwpf17mfu9zp3pfyi5y2ppblibvybph0lpsnbqu8.png\" alt=\"Bocadillo Menduko de Pollo 1\" \/><\/figure><\/div><div class=\"swiper-slide\" role=\"group\" aria-roledescription=\"slide\" aria-label=\"9 de 11\"><figure class=\"swiper-slide-inner\"><img decoding=\"async\" class=\"swiper-slide-image\" src=\"https:\/\/hamburgueseriapixkat.com\/wp-content\/uploads\/elementor\/thumbs\/Diseno-sin-titulo-32-qgzyghzaa6715lh1384ta5nciil4gor7h8qt95sl9c.png\" alt=\"Dise\u00f1o sin t\u00edtulo (32)\" \/><\/figure><\/div><div class=\"swiper-slide\" role=\"group\" aria-roledescription=\"slide\" aria-label=\"10 de 11\"><figure class=\"swiper-slide-inner\"><img decoding=\"async\" class=\"swiper-slide-image\" src=\"https:\/\/hamburgueseriapixkat.com\/wp-content\/uploads\/elementor\/thumbs\/Diseno-sin-titulo-37-qh004xznrmxtqvo94uq54ejfpinufzptgezv8q674w.png\" alt=\"Dise\u00f1o sin t\u00edtulo (37)\" \/><\/figure><\/div><div class=\"swiper-slide\" role=\"group\" aria-roledescription=\"slide\" aria-label=\"11 de 11\"><figure class=\"swiper-slide-inner\"><img decoding=\"async\" class=\"swiper-slide-image\" src=\"https:\/\/hamburgueseriapixkat.com\/wp-content\/uploads\/elementor\/thumbs\/Diseno-sin-titulo-24-qgzwuat14giwas0dxkheeccwenfyvcpih6lije34io.png\" alt=\"Dise\u00f1o sin t\u00edtulo (24)\" \/><\/figure><\/div>\t\t\t<\/div>\n\t\t\t\t\t\t\t\n\t\t\t\t\t\t\t\t\t<\/div>\n\t\t\t\t\t\t<\/div>\n\t\t\t\t<\/div>\n\t\t\t\t<\/div>\n\t\t\t\t\t<\/div>\n\t\t\t\t<\/div>\n\t\t\t\t<\/div>","protected":false},"excerpt":{"rendered":"<p>ir a la carta Hamburgueser\u00eda Pixkat Capas de sabor, hechas para disfrutar. Servicio a domicilio Viernes-s\u00e1bado-domingo 20:00 a 22:45 Pixkat Hamburgueser\u00eda Pixkat es un negocio familiar con m\u00e1s de 30 a\u00f1os de tradici\u00f3n, dedicado a ofrecer hamburguesas caseras con productos de alta calidad. Desde el primer d\u00eda, hemos brindado un trato cercano y personalizado, haciendo [&hellip;]<\/p>\n","protected":false},"author":1,"featured_media":0,"parent":0,"menu_order":0,"comment_status":"closed","ping_status":"closed","template":"elementor_canvas","meta":{"footnotes":""},"class_list":["post-2","page","type-page","status-publish","hentry"],"yoast_head":"<!-- This site is optimized with the Yoast SEO plugin v27.4 - https:\/\/yoast.com\/product\/yoast-seo-wordpress\/ -->\n<title>Inicio - Hamburgueser\u00eda Pixkat<\/title>\n<meta name=\"robots\" content=\"index, follow, max-snippet:-1, max-image-preview:large, max-video-preview:-1\" \/>\n<link rel=\"canonical\" href=\"https:\/\/hamburgueseriapixkat.com\/eu\/\" \/>\n<meta property=\"og:locale\" content=\"en_US\" \/>\n<meta property=\"og:type\" content=\"article\" \/>\n<meta property=\"og:title\" content=\"Inicio - Hamburgueser\u00eda Pixkat\" \/>\n<meta property=\"og:description\" content=\"ir a la carta Hamburgueser\u00eda Pixkat Capas de sabor, hechas para disfrutar. Servicio a domicilio Viernes-s\u00e1bado-domingo 20:00 a 22:45 Pixkat Hamburgueser\u00eda Pixkat es un negocio familiar con m\u00e1s de 30 a\u00f1os de tradici\u00f3n, dedicado a ofrecer hamburguesas caseras con productos de alta calidad. Desde el primer d\u00eda, hemos brindado un trato cercano y personalizado, haciendo [&hellip;]\" \/>\n<meta property=\"og:url\" content=\"https:\/\/hamburgueseriapixkat.com\/eu\/\" \/>\n<meta property=\"og:site_name\" content=\"Hamburgueser\u00eda Pixkat\" \/>\n<meta property=\"article:modified_time\" content=\"2025-04-23T14:49:55+00:00\" \/>\n<meta property=\"og:image\" content=\"https:\/\/hamburgueseriapixkat.com\/wp-content\/uploads\/elementor\/thumbs\/Diseno-sin-titulo-49-qh0191rrd5u93xf2y6t3ia7g5czmv2xiyx1odqphnk.png\" \/>\n<meta name=\"twitter:card\" content=\"summary_large_image\" \/>\n<meta name=\"twitter:label1\" content=\"Est. reading time\" \/>\n\t<meta name=\"twitter:data1\" content=\"4 minutua\" \/>\n<script type=\"application\/ld+json\" class=\"yoast-schema-graph\">{\"@context\":\"https:\\\/\\\/schema.org\",\"@graph\":[{\"@type\":\"WebPage\",\"@id\":\"https:\\\/\\\/hamburgueseriapixkat.com\\\/\",\"url\":\"https:\\\/\\\/hamburgueseriapixkat.com\\\/\",\"name\":\"Inicio - Hamburgueser\u00eda Pixkat\",\"isPartOf\":{\"@id\":\"https:\\\/\\\/hamburgueseriapixkat.com\\\/#website\"},\"primaryImageOfPage\":{\"@id\":\"https:\\\/\\\/hamburgueseriapixkat.com\\\/#primaryimage\"},\"image\":{\"@id\":\"https:\\\/\\\/hamburgueseriapixkat.com\\\/#primaryimage\"},\"thumbnailUrl\":\"https:\\\/\\\/hamburgueseriapixkat.com\\\/wp-content\\\/uploads\\\/elementor\\\/thumbs\\\/Diseno-sin-titulo-49-qh0191rrd5u93xf2y6t3ia7g5czmv2xiyx1odqphnk.png\",\"datePublished\":\"2023-10-24T15:54:07+00:00\",\"dateModified\":\"2025-04-23T14:49:55+00:00\",\"breadcrumb\":{\"@id\":\"https:\\\/\\\/hamburgueseriapixkat.com\\\/#breadcrumb\"},\"inLanguage\":\"eu\",\"potentialAction\":[{\"@type\":\"ReadAction\",\"target\":[\"https:\\\/\\\/hamburgueseriapixkat.com\\\/\"]}]},{\"@type\":\"ImageObject\",\"inLanguage\":\"eu\",\"@id\":\"https:\\\/\\\/hamburgueseriapixkat.com\\\/#primaryimage\",\"url\":\"https:\\\/\\\/hamburgueseriapixkat.com\\\/wp-content\\\/uploads\\\/elementor\\\/thumbs\\\/Diseno-sin-titulo-49-qh0191rrd5u93xf2y6t3ia7g5czmv2xiyx1odqphnk.png\",\"contentUrl\":\"https:\\\/\\\/hamburgueseriapixkat.com\\\/wp-content\\\/uploads\\\/elementor\\\/thumbs\\\/Diseno-sin-titulo-49-qh0191rrd5u93xf2y6t3ia7g5czmv2xiyx1odqphnk.png\"},{\"@type\":\"BreadcrumbList\",\"@id\":\"https:\\\/\\\/hamburgueseriapixkat.com\\\/#breadcrumb\",\"itemListElement\":[{\"@type\":\"ListItem\",\"position\":1,\"name\":\"Portada\",\"item\":\"https:\\\/\\\/hamburgueseriapixkat.com\\\/\"},{\"@type\":\"ListItem\",\"position\":2,\"name\":\"Inicio\"}]},{\"@type\":\"WebSite\",\"@id\":\"https:\\\/\\\/hamburgueseriapixkat.com\\\/#website\",\"url\":\"https:\\\/\\\/hamburgueseriapixkat.com\\\/\",\"name\":\"Hamburgueser\u00eda Pixkat\",\"description\":\"Hamburgueser\u00eda Pixkat\",\"publisher\":{\"@id\":\"https:\\\/\\\/hamburgueseriapixkat.com\\\/#organization\"},\"potentialAction\":[{\"@type\":\"SearchAction\",\"target\":{\"@type\":\"EntryPoint\",\"urlTemplate\":\"https:\\\/\\\/hamburgueseriapixkat.com\\\/?s={search_term_string}\"},\"query-input\":{\"@type\":\"PropertyValueSpecification\",\"valueRequired\":true,\"valueName\":\"search_term_string\"}}],\"inLanguage\":\"eu\"},{\"@type\":\"Organization\",\"@id\":\"https:\\\/\\\/hamburgueseriapixkat.com\\\/#organization\",\"name\":\"Hamburgueser\u00eda Pixkat\",\"url\":\"https:\\\/\\\/hamburgueseriapixkat.com\\\/\",\"logo\":{\"@type\":\"ImageObject\",\"inLanguage\":\"eu\",\"@id\":\"https:\\\/\\\/hamburgueseriapixkat.com\\\/#\\\/schema\\\/logo\\\/image\\\/\",\"url\":\"https:\\\/\\\/hamburgueseriapixkat.com\\\/wp-content\\\/uploads\\\/2023\\\/10\\\/cropped-logo-transp.png\",\"contentUrl\":\"https:\\\/\\\/hamburgueseriapixkat.com\\\/wp-content\\\/uploads\\\/2023\\\/10\\\/cropped-logo-transp.png\",\"width\":698,\"height\":200,\"caption\":\"Hamburgueser\u00eda Pixkat\"},\"image\":{\"@id\":\"https:\\\/\\\/hamburgueseriapixkat.com\\\/#\\\/schema\\\/logo\\\/image\\\/\"}}]}<\/script>\n<!-- \/ Yoast SEO plugin. -->","yoast_head_json":{"title":"Inicio - Hamburgueser\u00eda Pixkat","robots":{"index":"index","follow":"follow","max-snippet":"max-snippet:-1","max-image-preview":"max-image-preview:large","max-video-preview":"max-video-preview:-1"},"canonical":"https:\/\/hamburgueseriapixkat.com\/eu\/","og_locale":"en_US","og_type":"article","og_title":"Inicio - Hamburgueser\u00eda Pixkat","og_description":"ir a la carta Hamburgueser\u00eda Pixkat Capas de sabor, hechas para disfrutar. Servicio a domicilio Viernes-s\u00e1bado-domingo 20:00 a 22:45 Pixkat Hamburgueser\u00eda Pixkat es un negocio familiar con m\u00e1s de 30 a\u00f1os de tradici\u00f3n, dedicado a ofrecer hamburguesas caseras con productos de alta calidad. Desde el primer d\u00eda, hemos brindado un trato cercano y personalizado, haciendo [&hellip;]","og_url":"https:\/\/hamburgueseriapixkat.com\/eu\/","og_site_name":"Hamburgueser\u00eda Pixkat","article_modified_time":"2025-04-23T14:49:55+00:00","og_image":[{"url":"https:\/\/hamburgueseriapixkat.com\/wp-content\/uploads\/elementor\/thumbs\/Diseno-sin-titulo-49-qh0191rrd5u93xf2y6t3ia7g5czmv2xiyx1odqphnk.png","type":"","width":"","height":""}],"twitter_card":"summary_large_image","twitter_misc":{"Est. reading time":"4 minutua"},"schema":{"@context":"https:\/\/schema.org","@graph":[{"@type":"WebPage","@id":"https:\/\/hamburgueseriapixkat.com\/","url":"https:\/\/hamburgueseriapixkat.com\/","name":"Inicio - Hamburgueser\u00eda Pixkat","isPartOf":{"@id":"https:\/\/hamburgueseriapixkat.com\/#website"},"primaryImageOfPage":{"@id":"https:\/\/hamburgueseriapixkat.com\/#primaryimage"},"image":{"@id":"https:\/\/hamburgueseriapixkat.com\/#primaryimage"},"thumbnailUrl":"https:\/\/hamburgueseriapixkat.com\/wp-content\/uploads\/elementor\/thumbs\/Diseno-sin-titulo-49-qh0191rrd5u93xf2y6t3ia7g5czmv2xiyx1odqphnk.png","datePublished":"2023-10-24T15:54:07+00:00","dateModified":"2025-04-23T14:49:55+00:00","breadcrumb":{"@id":"https:\/\/hamburgueseriapixkat.com\/#breadcrumb"},"inLanguage":"eu","potentialAction":[{"@type":"ReadAction","target":["https:\/\/hamburgueseriapixkat.com\/"]}]},{"@type":"ImageObject","inLanguage":"eu","@id":"https:\/\/hamburgueseriapixkat.com\/#primaryimage","url":"https:\/\/hamburgueseriapixkat.com\/wp-content\/uploads\/elementor\/thumbs\/Diseno-sin-titulo-49-qh0191rrd5u93xf2y6t3ia7g5czmv2xiyx1odqphnk.png","contentUrl":"https:\/\/hamburgueseriapixkat.com\/wp-content\/uploads\/elementor\/thumbs\/Diseno-sin-titulo-49-qh0191rrd5u93xf2y6t3ia7g5czmv2xiyx1odqphnk.png"},{"@type":"BreadcrumbList","@id":"https:\/\/hamburgueseriapixkat.com\/#breadcrumb","itemListElement":[{"@type":"ListItem","position":1,"name":"Portada","item":"https:\/\/hamburgueseriapixkat.com\/"},{"@type":"ListItem","position":2,"name":"Inicio"}]},{"@type":"WebSite","@id":"https:\/\/hamburgueseriapixkat.com\/#website","url":"https:\/\/hamburgueseriapixkat.com\/","name":"Hamburgueser\u00eda Pixkat","description":"Hamburgueser\u00eda Pixkat","publisher":{"@id":"https:\/\/hamburgueseriapixkat.com\/#organization"},"potentialAction":[{"@type":"SearchAction","target":{"@type":"EntryPoint","urlTemplate":"https:\/\/hamburgueseriapixkat.com\/?s={search_term_string}"},"query-input":{"@type":"PropertyValueSpecification","valueRequired":true,"valueName":"search_term_string"}}],"inLanguage":"eu"},{"@type":"Organization","@id":"https:\/\/hamburgueseriapixkat.com\/#organization","name":"Hamburgueser\u00eda Pixkat","url":"https:\/\/hamburgueseriapixkat.com\/","logo":{"@type":"ImageObject","inLanguage":"eu","@id":"https:\/\/hamburgueseriapixkat.com\/#\/schema\/logo\/image\/","url":"https:\/\/hamburgueseriapixkat.com\/wp-content\/uploads\/2023\/10\/cropped-logo-transp.png","contentUrl":"https:\/\/hamburgueseriapixkat.com\/wp-content\/uploads\/2023\/10\/cropped-logo-transp.png","width":698,"height":200,"caption":"Hamburgueser\u00eda Pixkat"},"image":{"@id":"https:\/\/hamburgueseriapixkat.com\/#\/schema\/logo\/image\/"}}]}},"_links":{"self":[{"href":"https:\/\/hamburgueseriapixkat.com\/eu\/wp-json\/wp\/v2\/pages\/2","targetHints":{"allow":["GET"]}}],"collection":[{"href":"https:\/\/hamburgueseriapixkat.com\/eu\/wp-json\/wp\/v2\/pages"}],"about":[{"href":"https:\/\/hamburgueseriapixkat.com\/eu\/wp-json\/wp\/v2\/types\/page"}],"author":[{"embeddable":true,"href":"https:\/\/hamburgueseriapixkat.com\/eu\/wp-json\/wp\/v2\/users\/1"}],"replies":[{"embeddable":true,"href":"https:\/\/hamburgueseriapixkat.com\/eu\/wp-json\/wp\/v2\/comments?post=2"}],"version-history":[{"count":601,"href":"https:\/\/hamburgueseriapixkat.com\/eu\/wp-json\/wp\/v2\/pages\/2\/revisions"}],"predecessor-version":[{"id":2800,"href":"https:\/\/hamburgueseriapixkat.com\/eu\/wp-json\/wp\/v2\/pages\/2\/revisions\/2800"}],"wp:attachment":[{"href":"https:\/\/hamburgueseriapixkat.com\/eu\/wp-json\/wp\/v2\/media?parent=2"}],"curies":[{"name":"wp","href":"https:\/\/api.w.org\/{rel}","templated":true}]}}